{"id":1047,"date":"2024-05-07T20:16:01","date_gmt":"2024-05-07T20:16:01","guid":{"rendered":"https:\/\/endolove.si\/?post_type=product&#038;p=1047"},"modified":"2024-05-07T20:51:46","modified_gmt":"2024-05-07T20:51:46","slug":"acurata-karbidni-demontazni-sveder-fg-rr","status":"publish","type":"product","link":"https:\/\/endolove.si\/?product=acurata-karbidni-demontazni-sveder-fg-rr","title":{"rendered":"Acurata karbidni demonta\u017eni sveder FG-RR"},"content":{"rendered":"","protected":false},"excerpt":{"rendered":"<p>Acurata karbidni demonta\u017eni sveder FG<\/p>\n<p>Primeren za demonta\u017eo vseh vrst kovin<\/p>\n<p>Inovativna in najsodobnej\u0161a geometrija<\/p>\n<p>Hitro in u\u010dinkovito re\u017ee tudi najtr\u0161e zlitine<\/p>\n<p>&nbsp;<\/p>\n<p>Pakiranje 5 kos<\/p>\n","protected":false},"featured_media":1054,"comment_status":"open","ping_status":"closed","template":"","meta":[],"product_cat":[41,33],"product_tag":[],"class_list":{"0":"post-1047","1":"product","2":"type-product","3":"status-publish","4":"has-post-thumbnail","6":"product_cat-demontazni-svedri","7":"product_cat-svedri","9":"first","10":"instock","11":"taxable","12":"shipping-taxable","13":"purchasable","14":"product-type-variable"},"jetpack_sharing_enabled":true,"_links":{"self":[{"href":"https:\/\/endolove.si\/index.php?rest_route=\/wp\/v2\/product\/1047","targetHints":{"allow":["GET"]}}],"collection":[{"href":"https:\/\/endolove.si\/index.php?rest_route=\/wp\/v2\/product"}],"about":[{"href":"https:\/\/endolove.si\/index.php?rest_route=\/wp\/v2\/types\/product"}],"replies":[{"embeddable":true,"href":"https:\/\/endolove.si\/index.php?rest_route=%2Fwp%2Fv2%2Fcomments&post=1047"}],"wp:featuredmedia":[{"embeddable":true,"href":"https:\/\/endolove.si\/index.php?rest_route=\/wp\/v2\/media\/1054"}],"wp:attachment":[{"href":"https:\/\/endolove.si\/index.php?rest_route=%2Fwp%2Fv2%2Fmedia&parent=1047"}],"wp:term":[{"taxonomy":"product_cat","embeddable":true,"href":"https:\/\/endolove.si\/index.php?rest_route=%2Fwp%2Fv2%2Fproduct_cat&post=1047"},{"taxonomy":"product_tag","embeddable":true,"href":"https:\/\/endolove.si\/index.php?rest_route=%2Fwp%2Fv2%2Fproduct_tag&post=1047"}],"curies":[{"name":"wp","href":"https:\/\/api.w.org\/{rel}","templated":true}]}}