{"id":834,"date":"2024-05-06T12:07:16","date_gmt":"2024-05-06T12:07:16","guid":{"rendered":"https:\/\/endolove.si\/?post_type=product&#038;p=834"},"modified":"2024-05-06T13:05:43","modified_gmt":"2024-05-06T13:05:43","slug":"eighteeth-brilliance-dentalne-lupe-softuch-lucka","status":"publish","type":"product","link":"https:\/\/endolove.si\/?product=eighteeth-brilliance-dentalne-lupe-softuch-lucka","title":{"rendered":"Eighteeth BRILLIANCE dentalne lupe + SOFTUCH lu\u010dka"},"content":{"rendered":"<p><span class=\"OYPEnA text-decoration-none text-strikethrough-none\">Kirur\u0161ke lupe Eighteeth serije Brilliance s 3x pove\u010davo ponujajo izjemno vsestranskost in so kot nala\u0161\u010d primerne za splo\u0161no zobozdravstvo in tiste na za\u010detku kariere. Scott stekla in akromatsko zasnovane opti\u010dne poti zagotavljajo visoko kakovost slike. Funkcija Flip-Up pa vam z eno samo prilagoditvijo omogo\u010di o\u010desni stik z va\u0161im pacientom. Celotno ogrodje je iz ultra lahke zlitine, ki ustvarja hladen kovinski videz in zagotavlja odli\u010dno strukturno trdnost ter vzdr\u017eljivost, hkrati pa zmanj\u0161a te\u017eo in pritisk med no\u0161enjem.<\/span><\/p>\n","protected":false},"excerpt":{"rendered":"<p>Vrhunska optika s 3x pove\u010davo<\/p>\n<p>Schott stekla zagotavljajo visoko kvaliteto slike<\/p>\n<p>Okvir v razli\u010dnih barvah<\/p>\n<p>SOFTUCH lu\u010dka s pripadajo\u010dim akomulatorjem<\/p>\n","protected":false},"featured_media":833,"comment_status":"open","ping_status":"closed","template":"","meta":[],"product_cat":[36],"product_tag":[],"class_list":{"0":"post-834","1":"product","2":"type-product","3":"status-publish","4":"has-post-thumbnail","6":"product_cat-endo-aparati","8":"first","9":"instock","10":"sale","11":"taxable","12":"shipping-taxable","13":"purchasable","14":"product-type-simple"},"jetpack_sharing_enabled":true,"_links":{"self":[{"href":"https:\/\/endolove.si\/index.php?rest_route=\/wp\/v2\/product\/834","targetHints":{"allow":["GET"]}}],"collection":[{"href":"https:\/\/endolove.si\/index.php?rest_route=\/wp\/v2\/product"}],"about":[{"href":"https:\/\/endolove.si\/index.php?rest_route=\/wp\/v2\/types\/product"}],"replies":[{"embeddable":true,"href":"https:\/\/endolove.si\/index.php?rest_route=%2Fwp%2Fv2%2Fcomments&post=834"}],"wp:featuredmedia":[{"embeddable":true,"href":"https:\/\/endolove.si\/index.php?rest_route=\/wp\/v2\/media\/833"}],"wp:attachment":[{"href":"https:\/\/endolove.si\/index.php?rest_route=%2Fwp%2Fv2%2Fmedia&parent=834"}],"wp:term":[{"taxonomy":"product_cat","embeddable":true,"href":"https:\/\/endolove.si\/index.php?rest_route=%2Fwp%2Fv2%2Fproduct_cat&post=834"},{"taxonomy":"product_tag","embeddable":true,"href":"https:\/\/endolove.si\/index.php?rest_route=%2Fwp%2Fv2%2Fproduct_tag&post=834"}],"curies":[{"name":"wp","href":"https:\/\/api.w.org\/{rel}","templated":true}]}}