{"id":835,"date":"2024-05-06T13:17:57","date_gmt":"2024-05-06T13:17:57","guid":{"rendered":"https:\/\/endolove.si\/?post_type=product&#038;p=835"},"modified":"2024-05-06T13:17:57","modified_gmt":"2024-05-06T13:17:57","slug":"eighteeth-brilliance-48-lupe-set","status":"publish","type":"product","link":"https:\/\/endolove.si\/?product=eighteeth-brilliance-48-lupe-set","title":{"rendered":"Eighteeth BRILLIANCE 48 Lupe SET"},"content":{"rendered":"<p class=\"cvGsUA direction-ltr align-start para-style-body\"><span class=\"OYPEnA text-decoration-none text-strikethrough-none\">Ergonomska lupa Brilliance 48 zmanj\u0161ajte utrujenost ramen in vratu. Edinstvena zasnova odklona opti\u010dne poti lup za 48 stopinj navzdol prepre\u010duje, da bi uporabnik moral nagniti vrat in hrbet naprej. Funkcija Flip-Up omogo\u010da neoviran vid in o\u010desni stik z va\u0161im pacientom.<\/span><\/p>\n<ul>\n<li><span class=\"OYPEnA text-decoration-none text-strikethrough-none\">\u0160iroko vidno polje in 4,9x-5,6x spremenljiva pove\u010dava<\/span><\/li>\n<li><span class=\"OYPEnA text-decoration-none text-strikethrough-none\">Neodvisno L in D<\/span> <span class=\"OYPEnA text-decoration-none text-strikethrough-none\">nastavljivo ostrenje<\/span><\/li>\n<li><span class=\"OYPEnA text-decoration-none text-strikethrough-none\">L in D gori\u0161\u010dna razdalja sta individualno nastavljivi<\/span><\/li>\n<li><span class=\"OYPEnA text-decoration-none text-strikethrough-none\">Delovna razdalja od 300 mm do 500 mm<\/span><\/li>\n<li><span class=\"OYPEnA text-decoration-none text-strikethrough-none\">Posebej primeren za zobozdravnike z razli\u010dnim vidom na levo in desno oko<\/span><\/li>\n<\/ul>\n","protected":false},"excerpt":{"rendered":"<p>Profesionalen lupe z 5x pove\u010davo<\/p>\n<p>Variabilna delavna dol\u017eina<\/p>\n<p>Variabilna med zeni\u010dna razdalja<\/p>\n<p>Variabilno vidno polje<\/p>\n<p>Lu\u010dka SOFTUCH<\/p>\n","protected":false},"featured_media":836,"comment_status":"open","ping_status":"closed","template":"","meta":[],"product_cat":[36],"product_tag":[],"class_list":{"0":"post-835","1":"product","2":"type-product","3":"status-publish","4":"has-post-thumbnail","6":"product_cat-endo-aparati","8":"first","9":"instock","10":"sale","11":"taxable","12":"shipping-taxable","13":"purchasable","14":"product-type-simple"},"jetpack_sharing_enabled":true,"_links":{"self":[{"href":"https:\/\/endolove.si\/index.php?rest_route=\/wp\/v2\/product\/835","targetHints":{"allow":["GET"]}}],"collection":[{"href":"https:\/\/endolove.si\/index.php?rest_route=\/wp\/v2\/product"}],"about":[{"href":"https:\/\/endolove.si\/index.php?rest_route=\/wp\/v2\/types\/product"}],"replies":[{"embeddable":true,"href":"https:\/\/endolove.si\/index.php?rest_route=%2Fwp%2Fv2%2Fcomments&post=835"}],"wp:featuredmedia":[{"embeddable":true,"href":"https:\/\/endolove.si\/index.php?rest_route=\/wp\/v2\/media\/836"}],"wp:attachment":[{"href":"https:\/\/endolove.si\/index.php?rest_route=%2Fwp%2Fv2%2Fmedia&parent=835"}],"wp:term":[{"taxonomy":"product_cat","embeddable":true,"href":"https:\/\/endolove.si\/index.php?rest_route=%2Fwp%2Fv2%2Fproduct_cat&post=835"},{"taxonomy":"product_tag","embeddable":true,"href":"https:\/\/endolove.si\/index.php?rest_route=%2Fwp%2Fv2%2Fproduct_tag&post=835"}],"curies":[{"name":"wp","href":"https:\/\/api.w.org\/{rel}","templated":true}]}}