{"id":838,"date":"2024-05-06T13:25:04","date_gmt":"2024-05-06T13:25:04","guid":{"rendered":"https:\/\/endolove.si\/?post_type=product&#038;p=838"},"modified":"2024-05-06T13:25:04","modified_gmt":"2024-05-06T13:25:04","slug":"fanta-kirurski-mikroskop-mcs3000a","status":"publish","type":"product","link":"https:\/\/endolove.si\/?product=fanta-kirurski-mikroskop-mcs3000a","title":{"rendered":"Fanta kirur\u0161ki mikroskop MCS3000A"},"content":{"rendered":"<p class=\"cvGsUA direction-ltr align-start para-style-body\"><span class=\"OYPEnA text-decoration-none text-strikethrough-none\">Kirur\u0161ki mikroskop FANTA MCS3000A vas bo popeljal v novo dobo v mikrozobozdravstva. Zagotavlja edinstveno mikro endodontsko re\u0161itev na enem mestu!<\/span><\/p>\n<p class=\"cvGsUA direction-ltr align-start para-style-body\"><span class=\"OYPEnA text-decoration-none text-strikethrough-none\">Uresni\u010duje najsodobnej\u0161o tehnologijo in zagotavlja popolnoma novo izku\u0161njo za zobozdravnika.<\/span><\/p>\n","protected":false},"excerpt":{"rendered":"<p class=\"cvGsUA direction-ltr align-start para-style-body\"><span class=\"OYPEnA text-decoration-none text-strikethrough-none\">MCS3000A zagotavlja natan\u010dno in kompleksno anatomijo po pove\u010davi, optimalen pogled v klini\u010dnih primerih in optimizira proces zdravljenja.<\/span><\/p>\n<p class=\"cvGsUA direction-ltr align-start para-style-body\"><span class=\"OYPEnA text-decoration-none text-strikethrough-none\">Sestavljen iz visokokakovostnih optik, enostaven sistem upravljanja, nastavitev zenice v obmo\u010dju 55-75 mm.<\/span><\/p>\n","protected":false},"featured_media":839,"comment_status":"open","ping_status":"closed","template":"","meta":[],"product_cat":[36],"product_tag":[],"class_list":{"0":"post-838","1":"product","2":"type-product","3":"status-publish","4":"has-post-thumbnail","6":"product_cat-endo-aparati","8":"first","9":"onbackorder","10":"sale","11":"taxable","12":"shipping-taxable","13":"purchasable","14":"product-type-simple"},"jetpack_sharing_enabled":true,"_links":{"self":[{"href":"https:\/\/endolove.si\/index.php?rest_route=\/wp\/v2\/product\/838","targetHints":{"allow":["GET"]}}],"collection":[{"href":"https:\/\/endolove.si\/index.php?rest_route=\/wp\/v2\/product"}],"about":[{"href":"https:\/\/endolove.si\/index.php?rest_route=\/wp\/v2\/types\/product"}],"replies":[{"embeddable":true,"href":"https:\/\/endolove.si\/index.php?rest_route=%2Fwp%2Fv2%2Fcomments&post=838"}],"wp:featuredmedia":[{"embeddable":true,"href":"https:\/\/endolove.si\/index.php?rest_route=\/wp\/v2\/media\/839"}],"wp:attachment":[{"href":"https:\/\/endolove.si\/index.php?rest_route=%2Fwp%2Fv2%2Fmedia&parent=838"}],"wp:term":[{"taxonomy":"product_cat","embeddable":true,"href":"https:\/\/endolove.si\/index.php?rest_route=%2Fwp%2Fv2%2Fproduct_cat&post=838"},{"taxonomy":"product_tag","embeddable":true,"href":"https:\/\/endolove.si\/index.php?rest_route=%2Fwp%2Fv2%2Fproduct_tag&post=838"}],"curies":[{"name":"wp","href":"https:\/\/api.w.org\/{rel}","templated":true}]}}