{"id":840,"date":"2024-05-06T13:30:42","date_gmt":"2024-05-06T13:30:42","guid":{"rendered":"https:\/\/endolove.si\/?post_type=product&#038;p=840"},"modified":"2024-05-06T13:30:42","modified_gmt":"2024-05-06T13:30:42","slug":"eighteeth-aipex-apeks-lokator","status":"publish","type":"product","link":"https:\/\/endolove.si\/?product=eighteeth-aipex-apeks-lokator","title":{"rendered":"Eighteeth AIPEX apeks lokator"},"content":{"rendered":"<p><span class=\"OYPEnA text-decoration-none text-strikethrough-none\">Najnaprednej\u0161a Eighteeth brez\u017ei\u010dna tehnologija omogo\u010da uporabo apex locatorja brez uporabe \u017eic. Po uporabi preprosto polo\u017eite svoj AirPex Locator na polnilno postajo in pripravljeni ste na novo uporabo.<\/span><\/p>\n","protected":false},"excerpt":{"rendered":"<p><span class=\"OYPEnA text-decoration-none text-strikethrough-none\">EIGHTEETH brez\u017ei\u010dni Apeks lokator<\/span><\/p>\n<ul>\n<li><span class=\"OYPEnA text-decoration-none text-strikethrough-none\">Brez\u017ei\u010den apeks lokator<\/span><\/li>\n<li><span class=\"OYPEnA text-decoration-none text-strikethrough-none\">Ob\u010dutite \u010dar brez\u017ei\u010dnega polnjenja<\/span><\/li>\n<li><span class=\"OYPEnA text-decoration-none text-strikethrough-none\">Natan\u010dnost skozi brez\u017ei\u010dnost<\/span><\/li>\n<\/ul>\n","protected":false},"featured_media":841,"comment_status":"open","ping_status":"closed","template":"","meta":[],"product_cat":[36],"product_tag":[],"class_list":{"0":"post-840","1":"product","2":"type-product","3":"status-publish","4":"has-post-thumbnail","6":"product_cat-endo-aparati","8":"first","9":"instock","10":"sale","11":"taxable","12":"shipping-taxable","13":"purchasable","14":"product-type-simple"},"jetpack_sharing_enabled":true,"_links":{"self":[{"href":"https:\/\/endolove.si\/index.php?rest_route=\/wp\/v2\/product\/840","targetHints":{"allow":["GET"]}}],"collection":[{"href":"https:\/\/endolove.si\/index.php?rest_route=\/wp\/v2\/product"}],"about":[{"href":"https:\/\/endolove.si\/index.php?rest_route=\/wp\/v2\/types\/product"}],"replies":[{"embeddable":true,"href":"https:\/\/endolove.si\/index.php?rest_route=%2Fwp%2Fv2%2Fcomments&post=840"}],"wp:featuredmedia":[{"embeddable":true,"href":"https:\/\/endolove.si\/index.php?rest_route=\/wp\/v2\/media\/841"}],"wp:attachment":[{"href":"https:\/\/endolove.si\/index.php?rest_route=%2Fwp%2Fv2%2Fmedia&parent=840"}],"wp:term":[{"taxonomy":"product_cat","embeddable":true,"href":"https:\/\/endolove.si\/index.php?rest_route=%2Fwp%2Fv2%2Fproduct_cat&post=840"},{"taxonomy":"product_tag","embeddable":true,"href":"https:\/\/endolove.si\/index.php?rest_route=%2Fwp%2Fv2%2Fproduct_tag&post=840"}],"curies":[{"name":"wp","href":"https:\/\/api.w.org\/{rel}","templated":true}]}}