{"id":941,"date":"2024-05-06T19:06:40","date_gmt":"2024-05-06T19:06:40","guid":{"rendered":"https:\/\/endolove.si\/?post_type=product&#038;p=941"},"modified":"2024-05-27T22:41:26","modified_gmt":"2024-05-27T20:41:26","slug":"eighteeth-helios-500-intraoralni-skener","status":"publish","type":"product","link":"https:\/\/endolove.si\/?product=eighteeth-helios-500-intraoralni-skener","title":{"rendered":"Eighteeth HELIOS 500 intraoralni skener"},"content":{"rendered":"<p class=\"cvGsUA direction-ltr align-start para-style-body\"><span class=\"OYPEnA text-decoration-none text-strikethrough-none\">Kot eden najbolj natan\u010dnih skenerjev na trgu je Helio 500 dosegel najsodobnej\u0161o raven natan\u010dnosti &#8211; povpre\u010dno odstopanje pri celostnem \u017eivem skeniranju loka zna\u0161a pribli\u017eno 20 mikronov.<\/span><\/p>\n<p class=\"cvGsUA direction-ltr align-start para-style-body\"><span class=\"OYPEnA text-decoration-none text-strikethrough-none\">skeniranje celotnega loka v manj kot 30 sekundah.<\/span><\/p>\n<p class=\"cvGsUA direction-ltr align-start para-style-body\"><span class=\"OYPEnA text-decoration-none text-strikethrough-none\">Samodejno in prilagodljivo kalibriranje, ro\u010dna kalibracija ni ve\u010d potrebna.<\/span><\/p>\n<p class=\"cvGsUA direction-ltr align-start para-style-body\"><span class=\"OYPEnA text-decoration-none text-strikethrough-none\">Zgolj 185 gramov in je eden izmed najla\u017ejih skenerjev na trgu. Je dobro uravnote\u017een, ergonomsko oblikovan in enostaven za prena\u0161anje.<\/span><\/p>\n<p class=\"cvGsUA direction-ltr align-start para-style-body\"><span class=\"OYPEnA text-decoration-none text-strikethrough-none\">Umetna inteligenca filtrira mehka in gibljiva tkiva, kar uporabnikom omogo\u010da brezhibno izku\u0161njo skeniranja in ustvarja naraven videz pri rezultatih zdravljenja.<\/span><\/p>\n","protected":false},"excerpt":{"rendered":"<p><span class=\"OYPEnA text-decoration-none text-strikethrough-none\">Eighteeth HELIOS 500 intraoralni skener<\/span><\/p>\n","protected":false},"featured_media":942,"comment_status":"open","ping_status":"closed","template":"","meta":[],"product_cat":[34],"product_tag":[62,59,60,61,64,63],"class_list":{"0":"post-941","1":"product","2":"type-product","3":"status-publish","4":"has-post-thumbnail","6":"product_cat-aparati","7":"product_tag-3d-skener","8":"product_tag-eighteeth","9":"product_tag-helios-500","10":"product_tag-intraoralni-skener","11":"product_tag-skener","12":"product_tag-zobni-skener","14":"first","15":"onbackorder","16":"sale","17":"featured","18":"taxable","19":"shipping-taxable","20":"purchasable","21":"product-type-simple"},"jetpack_sharing_enabled":true,"_links":{"self":[{"href":"https:\/\/endolove.si\/index.php?rest_route=\/wp\/v2\/product\/941","targetHints":{"allow":["GET"]}}],"collection":[{"href":"https:\/\/endolove.si\/index.php?rest_route=\/wp\/v2\/product"}],"about":[{"href":"https:\/\/endolove.si\/index.php?rest_route=\/wp\/v2\/types\/product"}],"replies":[{"embeddable":true,"href":"https:\/\/endolove.si\/index.php?rest_route=%2Fwp%2Fv2%2Fcomments&post=941"}],"wp:featuredmedia":[{"embeddable":true,"href":"https:\/\/endolove.si\/index.php?rest_route=\/wp\/v2\/media\/942"}],"wp:attachment":[{"href":"https:\/\/endolove.si\/index.php?rest_route=%2Fwp%2Fv2%2Fmedia&parent=941"}],"wp:term":[{"taxonomy":"product_cat","embeddable":true,"href":"https:\/\/endolove.si\/index.php?rest_route=%2Fwp%2Fv2%2Fproduct_cat&post=941"},{"taxonomy":"product_tag","embeddable":true,"href":"https:\/\/endolove.si\/index.php?rest_route=%2Fwp%2Fv2%2Fproduct_tag&post=941"}],"curies":[{"name":"wp","href":"https:\/\/api.w.org\/{rel}","templated":true}]}}